{"id":69,"date":"2020-01-27T08:05:29","date_gmt":"2020-01-27T08:05:29","guid":{"rendered":"https:\/\/demosites.io\/web-agency-gb\/?page_id=69"},"modified":"2025-06-25T03:39:52","modified_gmt":"2025-06-25T03:39:52","slug":"15c42-web-agency-gb-portfolio","status":"publish","type":"page","link":"https:\/\/fomipymes.com.py\/?page_id=69","title":{"rendered":"Textil"},"content":{"rendered":"\n<div class=\"wp-block-cover alignfull\" style=\"min-height:300px;aspect-ratio:unset;\"><span aria-hidden=\"true\" class=\"wp-block-cover__background has-nv-site-bg-background-color has-background-dim-100 has-background-dim\"><\/span><div class=\"wp-block-cover__inner-container is-layout-flow wp-block-cover-is-layout-flow\">\n<div class=\"wp-block-group\"><div class=\"wp-block-group__inner-container is-layout-flow wp-block-group-is-layout-flow\">\n<h1 class=\"wp-block-heading has-text-align-left has-neve-text-color-color has-text-color\">Textil<\/h1>\n<\/div><\/div>\n<\/div><\/div>\n\n\n\n<p><strong>El proyecto de fortalecimiento de la capacidad del sistema de orientaci\u00f3n para las MIPYMES del Paraguay<\/strong> trabaja conjuntamente con el Ministerio de Industria y Comercio, a trav\u00e9s del Viceministerio de MIPYMES, con el objetivo de potenciar las capacidades de emprendedores y empresas del sector de la confecci\u00f3n en el pa\u00eds.<\/p>\n\n\n\n<p>Su prop\u00f3sito principal es apoyar al Viceministerio de MIPYMES en la mejora y expansi\u00f3n de la asistencia t\u00e9cnica dirigida a las empresas, que constituyen un motor clave para el desarrollo econ\u00f3mico nacional.<\/p>\n\n\n\n<p>En este contexto, se lanz\u00f3 el <strong>programa VStitcher 2023<\/strong>, una iniciativa innovadora que busca transformar la industria textil mediante la colaboraci\u00f3n con emprendedores y empresas ancla. Con el respaldo de la Federaci\u00f3n Textil de Taiw\u00e1n, este programa se desarrolla de forma virtual y tiene una duraci\u00f3n de seis meses, lo que facilita la participaci\u00f3n desde cualquier punto del pa\u00eds.<\/p>\n\n\n\n<p><strong>\u00bfQu\u00e9 hace especial a VStitcher?<\/strong><strong><br><\/strong> VStitcher es una herramienta de dise\u00f1o textil de \u00faltima generaci\u00f3n. Gracias a su tecnolog\u00eda de simulaci\u00f3n en 3D, los participantes pueden crear prendas de forma m\u00e1s \u00e1gil, reducir costos de prototipado f\u00edsico y explorar nuevas posibilidades creativas. Esto permite a emprendedores y empresas innovar y optimizar sus procesos de manera m\u00e1s eficiente y sin barreras t\u00e9cnicas.<\/p>\n\n\n\n<p><strong>Impacto y resultados<\/strong><strong><br><\/strong> En los \u00faltimos a\u00f1os, estas iniciativas han logrado resultados muy positivos. En el caso de VStitcher, se ha trabajado con ocho empresas ancla: cuatro en 2024 y otras cuatro en 2025. Adem\u00e1s, se ha brindado apoyo a un total de 43 emprendedores, con 23 participantes en 2024 y 20 en 2025. Estas cifras evidencian el impacto favorable del proyecto FOMIPYMES y del programa VStitcher, contribuyendo a fortalecer la competitividad, la innovaci\u00f3n y el crecimiento sostenible del sector textil y de las MIPYMES paraguayas.<\/p>\n\n\n\n<p>Cada a\u00f1o se abre una nueva convocatoria para emprendedores, quienes pueden conocer los requisitos y toda la informaci\u00f3n necesaria a trav\u00e9s de nuestras redes sociales.<\/p>\n\n\n\n<p><strong>\u00a1Estate atento a nuestras redes y s\u00e9 el pr\u00f3ximo beneficiario!<\/strong><\/p>\n\n\n\n<figure class=\"wp-block-gallery has-nested-images columns-default is-cropped wp-block-gallery-1 is-layout-flex wp-block-gallery-is-layout-flex\">\n<figure class=\"wp-block-image size-large\"><img loading=\"lazy\" decoding=\"async\" width=\"1024\" height=\"513\" data-id=\"1728\" src=\"https:\/\/fomipymes.com.py\/wp-content\/uploads\/2025\/06\/060125-Reunion-con-Sandra-1024x513.jpeg\" alt=\"\" class=\"wp-image-1728\" srcset=\"https:\/\/fomipymes.com.py\/wp-content\/uploads\/2025\/06\/060125-Reunion-con-Sandra-1024x513.jpeg 1024w, https:\/\/fomipymes.com.py\/wp-content\/uploads\/2025\/06\/060125-Reunion-con-Sandra-300x150.jpeg 300w, https:\/\/fomipymes.com.py\/wp-content\/uploads\/2025\/06\/060125-Reunion-con-Sandra-768x385.jpeg 768w, https:\/\/fomipymes.com.py\/wp-content\/uploads\/2025\/06\/060125-Reunion-con-Sandra-1536x770.jpeg 1536w, https:\/\/fomipymes.com.py\/wp-content\/uploads\/2025\/06\/060125-Reunion-con-Sandra.jpeg 1600w\" sizes=\"auto, (max-width: 1024px) 100vw, 1024px\" \/><\/figure>\n\n\n\n<figure class=\"wp-block-image size-large\"><img loading=\"lazy\" decoding=\"async\" width=\"768\" height=\"1024\" data-id=\"1729\" src=\"https:\/\/fomipymes.com.py\/wp-content\/uploads\/2025\/06\/1802-Visita-a-FPD.1-768x1024.jpeg\" alt=\"\" class=\"wp-image-1729\" srcset=\"https:\/\/fomipymes.com.py\/wp-content\/uploads\/2025\/06\/1802-Visita-a-FPD.1-768x1024.jpeg 768w, https:\/\/fomipymes.com.py\/wp-content\/uploads\/2025\/06\/1802-Visita-a-FPD.1-225x300.jpeg 225w, https:\/\/fomipymes.com.py\/wp-content\/uploads\/2025\/06\/1802-Visita-a-FPD.1.jpeg 960w\" sizes=\"auto, (max-width: 768px) 100vw, 768px\" \/><\/figure>\n\n\n\n<figure class=\"wp-block-image size-large\"><img loading=\"lazy\" decoding=\"async\" width=\"1024\" height=\"768\" data-id=\"1730\" src=\"https:\/\/fomipymes.com.py\/wp-content\/uploads\/2025\/06\/WhatsApp-Image-2025-04-26-at-5.46.42-PM-1024x768.jpeg\" alt=\"\" class=\"wp-image-1730\" srcset=\"https:\/\/fomipymes.com.py\/wp-content\/uploads\/2025\/06\/WhatsApp-Image-2025-04-26-at-5.46.42-PM-1024x768.jpeg 1024w, https:\/\/fomipymes.com.py\/wp-content\/uploads\/2025\/06\/WhatsApp-Image-2025-04-26-at-5.46.42-PM-300x225.jpeg 300w, https:\/\/fomipymes.com.py\/wp-content\/uploads\/2025\/06\/WhatsApp-Image-2025-04-26-at-5.46.42-PM-768x576.jpeg 768w, https:\/\/fomipymes.com.py\/wp-content\/uploads\/2025\/06\/WhatsApp-Image-2025-04-26-at-5.46.42-PM.jpeg 1280w\" sizes=\"auto, (max-width: 1024px) 100vw, 1024px\" \/><\/figure>\n\n\n\n<figure class=\"wp-block-image size-large\"><img loading=\"lazy\" decoding=\"async\" width=\"768\" height=\"1024\" data-id=\"1731\" src=\"https:\/\/fomipymes.com.py\/wp-content\/uploads\/2025\/06\/WhatsApp-Image-2025-04-26-at-5.39.12-PM-768x1024.jpeg\" alt=\"\" class=\"wp-image-1731\" srcset=\"https:\/\/fomipymes.com.py\/wp-content\/uploads\/2025\/06\/WhatsApp-Image-2025-04-26-at-5.39.12-PM-768x1024.jpeg 768w, https:\/\/fomipymes.com.py\/wp-content\/uploads\/2025\/06\/WhatsApp-Image-2025-04-26-at-5.39.12-PM-225x300.jpeg 225w, https:\/\/fomipymes.com.py\/wp-content\/uploads\/2025\/06\/WhatsApp-Image-2025-04-26-at-5.39.12-PM-1152x1536.jpeg 1152w, https:\/\/fomipymes.com.py\/wp-content\/uploads\/2025\/06\/WhatsApp-Image-2025-04-26-at-5.39.12-PM.jpeg 1200w\" sizes=\"auto, (max-width: 768px) 100vw, 768px\" \/><\/figure>\n\n\n\n<figure class=\"wp-block-image size-large\"><img loading=\"lazy\" decoding=\"async\" width=\"768\" height=\"1024\" data-id=\"1732\" src=\"https:\/\/fomipymes.com.py\/wp-content\/uploads\/2025\/06\/WhatsApp-Image-2025-04-26-at-5.39.11-PM-768x1024.jpeg\" alt=\"\" class=\"wp-image-1732\" srcset=\"https:\/\/fomipymes.com.py\/wp-content\/uploads\/2025\/06\/WhatsApp-Image-2025-04-26-at-5.39.11-PM-768x1024.jpeg 768w, https:\/\/fomipymes.com.py\/wp-content\/uploads\/2025\/06\/WhatsApp-Image-2025-04-26-at-5.39.11-PM-225x300.jpeg 225w, https:\/\/fomipymes.com.py\/wp-content\/uploads\/2025\/06\/WhatsApp-Image-2025-04-26-at-5.39.11-PM-1152x1536.jpeg 1152w, https:\/\/fomipymes.com.py\/wp-content\/uploads\/2025\/06\/WhatsApp-Image-2025-04-26-at-5.39.11-PM.jpeg 1200w\" sizes=\"auto, (max-width: 768px) 100vw, 768px\" \/><\/figure>\n\n\n\n<figure class=\"wp-block-image size-large\"><img loading=\"lazy\" decoding=\"async\" width=\"1024\" height=\"768\" data-id=\"1733\" src=\"https:\/\/fomipymes.com.py\/wp-content\/uploads\/2025\/06\/090125-Visita-Artemera-1024x768.jpeg\" alt=\"\" class=\"wp-image-1733\" srcset=\"https:\/\/fomipymes.com.py\/wp-content\/uploads\/2025\/06\/090125-Visita-Artemera-1024x768.jpeg 1024w, https:\/\/fomipymes.com.py\/wp-content\/uploads\/2025\/06\/090125-Visita-Artemera-300x225.jpeg 300w, https:\/\/fomipymes.com.py\/wp-content\/uploads\/2025\/06\/090125-Visita-Artemera-768x576.jpeg 768w, https:\/\/fomipymes.com.py\/wp-content\/uploads\/2025\/06\/090125-Visita-Artemera-1536x1152.jpeg 1536w, https:\/\/fomipymes.com.py\/wp-content\/uploads\/2025\/06\/090125-Visita-Artemera.jpeg 1600w\" sizes=\"auto, (max-width: 1024px) 100vw, 1024px\" \/><\/figure>\n\n\n\n<figure class=\"wp-block-image size-large\"><img loading=\"lazy\" decoding=\"async\" width=\"1024\" height=\"768\" data-id=\"1736\" src=\"https:\/\/fomipymes.com.py\/wp-content\/uploads\/2025\/06\/WhatsApp-Image-2025-03-19-at-3.03.28-PM-1024x768.jpeg\" alt=\"\" class=\"wp-image-1736\" srcset=\"https:\/\/fomipymes.com.py\/wp-content\/uploads\/2025\/06\/WhatsApp-Image-2025-03-19-at-3.03.28-PM-1024x768.jpeg 1024w, https:\/\/fomipymes.com.py\/wp-content\/uploads\/2025\/06\/WhatsApp-Image-2025-03-19-at-3.03.28-PM-300x225.jpeg 300w, https:\/\/fomipymes.com.py\/wp-content\/uploads\/2025\/06\/WhatsApp-Image-2025-03-19-at-3.03.28-PM-768x576.jpeg 768w, https:\/\/fomipymes.com.py\/wp-content\/uploads\/2025\/06\/WhatsApp-Image-2025-03-19-at-3.03.28-PM.jpeg 1280w\" sizes=\"auto, (max-width: 1024px) 100vw, 1024px\" \/><\/figure>\n\n\n\n<figure class=\"wp-block-image size-large\"><img loading=\"lazy\" decoding=\"async\" width=\"1024\" height=\"768\" data-id=\"1738\" src=\"https:\/\/fomipymes.com.py\/wp-content\/uploads\/2025\/06\/WhatsApp-Image-2025-03-19-at-2.56.04-PM-2-1024x768.jpeg\" alt=\"\" class=\"wp-image-1738\" srcset=\"https:\/\/fomipymes.com.py\/wp-content\/uploads\/2025\/06\/WhatsApp-Image-2025-03-19-at-2.56.04-PM-2-1024x768.jpeg 1024w, https:\/\/fomipymes.com.py\/wp-content\/uploads\/2025\/06\/WhatsApp-Image-2025-03-19-at-2.56.04-PM-2-300x225.jpeg 300w, https:\/\/fomipymes.com.py\/wp-content\/uploads\/2025\/06\/WhatsApp-Image-2025-03-19-at-2.56.04-PM-2-768x576.jpeg 768w, https:\/\/fomipymes.com.py\/wp-content\/uploads\/2025\/06\/WhatsApp-Image-2025-03-19-at-2.56.04-PM-2-1536x1152.jpeg 1536w, https:\/\/fomipymes.com.py\/wp-content\/uploads\/2025\/06\/WhatsApp-Image-2025-03-19-at-2.56.04-PM-2.jpeg 1600w\" sizes=\"auto, (max-width: 1024px) 100vw, 1024px\" \/><\/figure>\n\n\n\n<figure class=\"wp-block-image size-large\"><img loading=\"lazy\" decoding=\"async\" width=\"768\" height=\"1024\" data-id=\"1737\" src=\"https:\/\/fomipymes.com.py\/wp-content\/uploads\/2025\/06\/WhatsApp-Image-2025-03-19-at-2.56.05-PM-1-768x1024.jpeg\" alt=\"\" class=\"wp-image-1737\" srcset=\"https:\/\/fomipymes.com.py\/wp-content\/uploads\/2025\/06\/WhatsApp-Image-2025-03-19-at-2.56.05-PM-1-768x1024.jpeg 768w, https:\/\/fomipymes.com.py\/wp-content\/uploads\/2025\/06\/WhatsApp-Image-2025-03-19-at-2.56.05-PM-1-225x300.jpeg 225w, https:\/\/fomipymes.com.py\/wp-content\/uploads\/2025\/06\/WhatsApp-Image-2025-03-19-at-2.56.05-PM-1-1152x1536.jpeg 1152w, https:\/\/fomipymes.com.py\/wp-content\/uploads\/2025\/06\/WhatsApp-Image-2025-03-19-at-2.56.05-PM-1.jpeg 1200w\" sizes=\"auto, (max-width: 768px) 100vw, 768px\" \/><\/figure>\n\n\n\n<figure class=\"wp-block-image size-large\"><img loading=\"lazy\" decoding=\"async\" width=\"1024\" height=\"768\" data-id=\"1735\" src=\"https:\/\/fomipymes.com.py\/wp-content\/uploads\/2025\/06\/WhatsApp-Image-2025-03-19-at-2.56.03-PM-2-1024x768.jpeg\" alt=\"\" class=\"wp-image-1735\" srcset=\"https:\/\/fomipymes.com.py\/wp-content\/uploads\/2025\/06\/WhatsApp-Image-2025-03-19-at-2.56.03-PM-2-1024x768.jpeg 1024w, https:\/\/fomipymes.com.py\/wp-content\/uploads\/2025\/06\/WhatsApp-Image-2025-03-19-at-2.56.03-PM-2-300x225.jpeg 300w, https:\/\/fomipymes.com.py\/wp-content\/uploads\/2025\/06\/WhatsApp-Image-2025-03-19-at-2.56.03-PM-2-768x576.jpeg 768w, https:\/\/fomipymes.com.py\/wp-content\/uploads\/2025\/06\/WhatsApp-Image-2025-03-19-at-2.56.03-PM-2-1536x1152.jpeg 1536w, https:\/\/fomipymes.com.py\/wp-content\/uploads\/2025\/06\/WhatsApp-Image-2025-03-19-at-2.56.03-PM-2.jpeg 1600w\" sizes=\"auto, (max-width: 1024px) 100vw, 1024px\" \/><\/figure>\n\n\n\n<figure class=\"wp-block-image size-large\"><img loading=\"lazy\" decoding=\"async\" width=\"768\" height=\"1024\" data-id=\"1740\" src=\"https:\/\/fomipymes.com.py\/wp-content\/uploads\/2025\/06\/WhatsApp-Image-2025-03-19-at-2.56.05-PM-768x1024.jpeg\" alt=\"\" class=\"wp-image-1740\" srcset=\"https:\/\/fomipymes.com.py\/wp-content\/uploads\/2025\/06\/WhatsApp-Image-2025-03-19-at-2.56.05-PM-768x1024.jpeg 768w, https:\/\/fomipymes.com.py\/wp-content\/uploads\/2025\/06\/WhatsApp-Image-2025-03-19-at-2.56.05-PM-225x300.jpeg 225w, https:\/\/fomipymes.com.py\/wp-content\/uploads\/2025\/06\/WhatsApp-Image-2025-03-19-at-2.56.05-PM-1152x1536.jpeg 1152w, https:\/\/fomipymes.com.py\/wp-content\/uploads\/2025\/06\/WhatsApp-Image-2025-03-19-at-2.56.05-PM.jpeg 1200w\" sizes=\"auto, (max-width: 768px) 100vw, 768px\" \/><\/figure>\n\n\n\n<figure class=\"wp-block-image size-large\"><img loading=\"lazy\" decoding=\"async\" width=\"1024\" height=\"768\" data-id=\"1741\" src=\"https:\/\/fomipymes.com.py\/wp-content\/uploads\/2025\/06\/WhatsApp-Image-2025-03-19-at-2.56.04-PM-1-1024x768.jpeg\" alt=\"\" class=\"wp-image-1741\" srcset=\"https:\/\/fomipymes.com.py\/wp-content\/uploads\/2025\/06\/WhatsApp-Image-2025-03-19-at-2.56.04-PM-1-1024x768.jpeg 1024w, https:\/\/fomipymes.com.py\/wp-content\/uploads\/2025\/06\/WhatsApp-Image-2025-03-19-at-2.56.04-PM-1-300x225.jpeg 300w, https:\/\/fomipymes.com.py\/wp-content\/uploads\/2025\/06\/WhatsApp-Image-2025-03-19-at-2.56.04-PM-1-768x576.jpeg 768w, https:\/\/fomipymes.com.py\/wp-content\/uploads\/2025\/06\/WhatsApp-Image-2025-03-19-at-2.56.04-PM-1-1536x1152.jpeg 1536w, https:\/\/fomipymes.com.py\/wp-content\/uploads\/2025\/06\/WhatsApp-Image-2025-03-19-at-2.56.04-PM-1.jpeg 1600w\" sizes=\"auto, (max-width: 1024px) 100vw, 1024px\" \/><\/figure>\n\n\n\n<figure class=\"wp-block-image size-large\"><img loading=\"lazy\" decoding=\"async\" width=\"1024\" height=\"768\" data-id=\"1739\" src=\"https:\/\/fomipymes.com.py\/wp-content\/uploads\/2025\/06\/WhatsApp-Image-2025-03-19-at-2.56.03-PM-1-1024x768.jpeg\" alt=\"\" class=\"wp-image-1739\" srcset=\"https:\/\/fomipymes.com.py\/wp-content\/uploads\/2025\/06\/WhatsApp-Image-2025-03-19-at-2.56.03-PM-1-1024x768.jpeg 1024w, https:\/\/fomipymes.com.py\/wp-content\/uploads\/2025\/06\/WhatsApp-Image-2025-03-19-at-2.56.03-PM-1-300x225.jpeg 300w, https:\/\/fomipymes.com.py\/wp-content\/uploads\/2025\/06\/WhatsApp-Image-2025-03-19-at-2.56.03-PM-1-768x576.jpeg 768w, https:\/\/fomipymes.com.py\/wp-content\/uploads\/2025\/06\/WhatsApp-Image-2025-03-19-at-2.56.03-PM-1-1536x1152.jpeg 1536w, https:\/\/fomipymes.com.py\/wp-content\/uploads\/2025\/06\/WhatsApp-Image-2025-03-19-at-2.56.03-PM-1.jpeg 1600w\" sizes=\"auto, (max-width: 1024px) 100vw, 1024px\" \/><\/figure>\n\n\n\n<figure class=\"wp-block-image size-large\"><img loading=\"lazy\" decoding=\"async\" width=\"1024\" height=\"768\" data-id=\"1742\" src=\"https:\/\/fomipymes.com.py\/wp-content\/uploads\/2025\/06\/WhatsApp-Image-2025-03-19-at-2.56.03-PM-1024x768.jpeg\" alt=\"\" class=\"wp-image-1742\" srcset=\"https:\/\/fomipymes.com.py\/wp-content\/uploads\/2025\/06\/WhatsApp-Image-2025-03-19-at-2.56.03-PM-1024x768.jpeg 1024w, https:\/\/fomipymes.com.py\/wp-content\/uploads\/2025\/06\/WhatsApp-Image-2025-03-19-at-2.56.03-PM-300x225.jpeg 300w, https:\/\/fomipymes.com.py\/wp-content\/uploads\/2025\/06\/WhatsApp-Image-2025-03-19-at-2.56.03-PM-768x576.jpeg 768w, https:\/\/fomipymes.com.py\/wp-content\/uploads\/2025\/06\/WhatsApp-Image-2025-03-19-at-2.56.03-PM-1536x1152.jpeg 1536w, https:\/\/fomipymes.com.py\/wp-content\/uploads\/2025\/06\/WhatsApp-Image-2025-03-19-at-2.56.03-PM.jpeg 1600w\" sizes=\"auto, (max-width: 1024px) 100vw, 1024px\" \/><\/figure>\n\n\n\n<figure class=\"wp-block-image size-large\"><img loading=\"lazy\" decoding=\"async\" width=\"1024\" height=\"768\" data-id=\"1744\" src=\"https:\/\/fomipymes.com.py\/wp-content\/uploads\/2025\/06\/WhatsApp-Image-2025-03-19-at-2.56.05-PM-2-1024x768.jpeg\" alt=\"\" class=\"wp-image-1744\" srcset=\"https:\/\/fomipymes.com.py\/wp-content\/uploads\/2025\/06\/WhatsApp-Image-2025-03-19-at-2.56.05-PM-2-1024x768.jpeg 1024w, https:\/\/fomipymes.com.py\/wp-content\/uploads\/2025\/06\/WhatsApp-Image-2025-03-19-at-2.56.05-PM-2-300x225.jpeg 300w, https:\/\/fomipymes.com.py\/wp-content\/uploads\/2025\/06\/WhatsApp-Image-2025-03-19-at-2.56.05-PM-2-768x576.jpeg 768w, https:\/\/fomipymes.com.py\/wp-content\/uploads\/2025\/06\/WhatsApp-Image-2025-03-19-at-2.56.05-PM-2-1536x1152.jpeg 1536w, https:\/\/fomipymes.com.py\/wp-content\/uploads\/2025\/06\/WhatsApp-Image-2025-03-19-at-2.56.05-PM-2.jpeg 1600w\" sizes=\"auto, (max-width: 1024px) 100vw, 1024px\" \/><\/figure>\n\n\n\n<figure class=\"wp-block-image size-large\"><img loading=\"lazy\" decoding=\"async\" width=\"1024\" height=\"768\" data-id=\"1743\" src=\"https:\/\/fomipymes.com.py\/wp-content\/uploads\/2025\/06\/WhatsApp-Image-2025-03-19-at-2.56.04-PM-1024x768.jpeg\" alt=\"\" class=\"wp-image-1743\" srcset=\"https:\/\/fomipymes.com.py\/wp-content\/uploads\/2025\/06\/WhatsApp-Image-2025-03-19-at-2.56.04-PM-1024x768.jpeg 1024w, https:\/\/fomipymes.com.py\/wp-content\/uploads\/2025\/06\/WhatsApp-Image-2025-03-19-at-2.56.04-PM-300x225.jpeg 300w, https:\/\/fomipymes.com.py\/wp-content\/uploads\/2025\/06\/WhatsApp-Image-2025-03-19-at-2.56.04-PM-768x576.jpeg 768w, https:\/\/fomipymes.com.py\/wp-content\/uploads\/2025\/06\/WhatsApp-Image-2025-03-19-at-2.56.04-PM-1536x1152.jpeg 1536w, https:\/\/fomipymes.com.py\/wp-content\/uploads\/2025\/06\/WhatsApp-Image-2025-03-19-at-2.56.04-PM.jpeg 1600w\" sizes=\"auto, (max-width: 1024px) 100vw, 1024px\" \/><\/figure>\n<\/figure>\n\n\n\n<figure class=\"wp-block-gallery has-nested-images columns-default is-cropped wp-block-gallery-2 is-layout-flex wp-block-gallery-is-layout-flex\">\n<figure class=\"wp-block-image size-large\"><img loading=\"lazy\" decoding=\"async\" width=\"1024\" height=\"482\" data-id=\"1747\" src=\"https:\/\/fomipymes.com.py\/wp-content\/uploads\/2025\/06\/WhatsApp-Image-2025-03-17-at-18.51.23-1024x482.jpeg\" alt=\"\" class=\"wp-image-1747\" srcset=\"https:\/\/fomipymes.com.py\/wp-content\/uploads\/2025\/06\/WhatsApp-Image-2025-03-17-at-18.51.23-1024x482.jpeg 1024w, https:\/\/fomipymes.com.py\/wp-content\/uploads\/2025\/06\/WhatsApp-Image-2025-03-17-at-18.51.23-300x141.jpeg 300w, https:\/\/fomipymes.com.py\/wp-content\/uploads\/2025\/06\/WhatsApp-Image-2025-03-17-at-18.51.23-768x361.jpeg 768w, https:\/\/fomipymes.com.py\/wp-content\/uploads\/2025\/06\/WhatsApp-Image-2025-03-17-at-18.51.23-1536x723.jpeg 1536w, https:\/\/fomipymes.com.py\/wp-content\/uploads\/2025\/06\/WhatsApp-Image-2025-03-17-at-18.51.23.jpeg 1600w\" sizes=\"auto, (max-width: 1024px) 100vw, 1024px\" \/><\/figure>\n\n\n\n<figure class=\"wp-block-image size-large\"><img loading=\"lazy\" decoding=\"async\" width=\"1024\" height=\"576\" data-id=\"1748\" src=\"https:\/\/fomipymes.com.py\/wp-content\/uploads\/2025\/06\/WhatsApp-Image-2025-03-31-at-5.58.33-PM-4-1024x576.jpeg\" alt=\"\" class=\"wp-image-1748\" srcset=\"https:\/\/fomipymes.com.py\/wp-content\/uploads\/2025\/06\/WhatsApp-Image-2025-03-31-at-5.58.33-PM-4-1024x576.jpeg 1024w, https:\/\/fomipymes.com.py\/wp-content\/uploads\/2025\/06\/WhatsApp-Image-2025-03-31-at-5.58.33-PM-4-300x169.jpeg 300w, https:\/\/fomipymes.com.py\/wp-content\/uploads\/2025\/06\/WhatsApp-Image-2025-03-31-at-5.58.33-PM-4-768x432.jpeg 768w, https:\/\/fomipymes.com.py\/wp-content\/uploads\/2025\/06\/WhatsApp-Image-2025-03-31-at-5.58.33-PM-4-1536x864.jpeg 1536w, https:\/\/fomipymes.com.py\/wp-content\/uploads\/2025\/06\/WhatsApp-Image-2025-03-31-at-5.58.33-PM-4.jpeg 1600w\" sizes=\"auto, (max-width: 1024px) 100vw, 1024px\" \/><\/figure>\n\n\n\n<figure class=\"wp-block-image size-large\"><img loading=\"lazy\" decoding=\"async\" width=\"1024\" height=\"544\" data-id=\"1749\" src=\"https:\/\/fomipymes.com.py\/wp-content\/uploads\/2025\/06\/WhatsApp-Image-2025-04-14-at-6.19.05-PM-1024x544.jpeg\" alt=\"\" class=\"wp-image-1749\" srcset=\"https:\/\/fomipymes.com.py\/wp-content\/uploads\/2025\/06\/WhatsApp-Image-2025-04-14-at-6.19.05-PM-1024x544.jpeg 1024w, https:\/\/fomipymes.com.py\/wp-content\/uploads\/2025\/06\/WhatsApp-Image-2025-04-14-at-6.19.05-PM-300x159.jpeg 300w, https:\/\/fomipymes.com.py\/wp-content\/uploads\/2025\/06\/WhatsApp-Image-2025-04-14-at-6.19.05-PM-768x408.jpeg 768w, https:\/\/fomipymes.com.py\/wp-content\/uploads\/2025\/06\/WhatsApp-Image-2025-04-14-at-6.19.05-PM-1536x816.jpeg 1536w, https:\/\/fomipymes.com.py\/wp-content\/uploads\/2025\/06\/WhatsApp-Image-2025-04-14-at-6.19.05-PM.jpeg 1600w\" sizes=\"auto, (max-width: 1024px) 100vw, 1024px\" \/><\/figure>\n\n\n\n<figure class=\"wp-block-image size-large\"><img loading=\"lazy\" decoding=\"async\" width=\"1024\" height=\"541\" data-id=\"1750\" src=\"https:\/\/fomipymes.com.py\/wp-content\/uploads\/2025\/06\/Captura-de-pantalla-2025-05-05-182425-1024x541.png\" alt=\"\" class=\"wp-image-1750\" srcset=\"https:\/\/fomipymes.com.py\/wp-content\/uploads\/2025\/06\/Captura-de-pantalla-2025-05-05-182425-1024x541.png 1024w, https:\/\/fomipymes.com.py\/wp-content\/uploads\/2025\/06\/Captura-de-pantalla-2025-05-05-182425-300x158.png 300w, https:\/\/fomipymes.com.py\/wp-content\/uploads\/2025\/06\/Captura-de-pantalla-2025-05-05-182425-768x405.png 768w, https:\/\/fomipymes.com.py\/wp-content\/uploads\/2025\/06\/Captura-de-pantalla-2025-05-05-182425-1536x811.png 1536w, https:\/\/fomipymes.com.py\/wp-content\/uploads\/2025\/06\/Captura-de-pantalla-2025-05-05-182425.png 1919w\" sizes=\"auto, (max-width: 1024px) 100vw, 1024px\" \/><\/figure>\n\n\n\n<figure class=\"wp-block-image size-large\"><img loading=\"lazy\" decoding=\"async\" width=\"1024\" height=\"540\" data-id=\"1751\" src=\"https:\/\/fomipymes.com.py\/wp-content\/uploads\/2025\/06\/Captura-de-pantalla-2025-05-19-184201-1024x540.png\" alt=\"\" class=\"wp-image-1751\" srcset=\"https:\/\/fomipymes.com.py\/wp-content\/uploads\/2025\/06\/Captura-de-pantalla-2025-05-19-184201-1024x540.png 1024w, https:\/\/fomipymes.com.py\/wp-content\/uploads\/2025\/06\/Captura-de-pantalla-2025-05-19-184201-300x158.png 300w, https:\/\/fomipymes.com.py\/wp-content\/uploads\/2025\/06\/Captura-de-pantalla-2025-05-19-184201-768x405.png 768w, https:\/\/fomipymes.com.py\/wp-content\/uploads\/2025\/06\/Captura-de-pantalla-2025-05-19-184201-1536x810.png 1536w, https:\/\/fomipymes.com.py\/wp-content\/uploads\/2025\/06\/Captura-de-pantalla-2025-05-19-184201.png 1917w\" sizes=\"auto, (max-width: 1024px) 100vw, 1024px\" \/><\/figure>\n<\/figure>\n","protected":false},"excerpt":{"rendered":"<p>El proyecto de fortalecimiento de la capacidad del sistema de orientaci\u00f3n para las MIPYMES del Paraguay trabaja conjuntamente con el Ministerio de Industria y Comercio, a trav\u00e9s del Viceministerio de MIPYMES, con el objetivo de potenciar las capacidades de emprendedores y empresas del sector de la confecci\u00f3n en el pa\u00eds. Su prop\u00f3sito principal es apoyar&hellip;&nbsp;<a href=\"https:\/\/fomipymes.com.py\/?page_id=69\" class=\"\" rel=\"bookmark\">Read More &raquo;<span class=\"screen-reader-text\">Textil<\/span><\/a><\/p>\n","protected":false},"author":1,"featured_media":0,"parent":0,"menu_order":0,"comment_status":"closed","ping_status":"closed","template":"","meta":{"neve_meta_sidebar":"full-width","neve_meta_container":"","neve_meta_enable_content_width":"on","neve_meta_content_width":100,"neve_meta_title_alignment":"","neve_meta_author_avatar":"","neve_post_elements_order":"","neve_meta_disable_header":"","neve_meta_disable_footer":"","neve_meta_disable_title":"on","_themeisle_gutenberg_block_has_review":false,"_ti_tpc_template_sync":false,"_ti_tpc_template_id":"94gtya0n2udx05knf121","footnotes":""},"class_list":["post-69","page","type-page","status-publish","hentry"],"_links":{"self":[{"href":"https:\/\/fomipymes.com.py\/index.php?rest_route=\/wp\/v2\/pages\/69","targetHints":{"allow":["GET"]}}],"collection":[{"href":"https:\/\/fomipymes.com.py\/index.php?rest_route=\/wp\/v2\/pages"}],"about":[{"href":"https:\/\/fomipymes.com.py\/index.php?rest_route=\/wp\/v2\/types\/page"}],"author":[{"embeddable":true,"href":"https:\/\/fomipymes.com.py\/index.php?rest_route=\/wp\/v2\/users\/1"}],"replies":[{"embeddable":true,"href":"https:\/\/fomipymes.com.py\/index.php?rest_route=%2Fwp%2Fv2%2Fcomments&post=69"}],"version-history":[{"count":5,"href":"https:\/\/fomipymes.com.py\/index.php?rest_route=\/wp\/v2\/pages\/69\/revisions"}],"predecessor-version":[{"id":1784,"href":"https:\/\/fomipymes.com.py\/index.php?rest_route=\/wp\/v2\/pages\/69\/revisions\/1784"}],"wp:attachment":[{"href":"https:\/\/fomipymes.com.py\/index.php?rest_route=%2Fwp%2Fv2%2Fmedia&parent=69"}],"curies":[{"name":"wp","href":"https:\/\/api.w.org\/{rel}","templated":true}]}}