{"id":61,"date":"2020-01-23T18:21:52","date_gmt":"2020-01-23T18:21:52","guid":{"rendered":"https:\/\/demosites.io\/web-agency-gb\/?page_id=61"},"modified":"2025-12-02T13:30:24","modified_gmt":"2025-12-02T13:30:24","slug":"15c42-web-agency-gb-about-us","status":"publish","type":"page","link":"https:\/\/fomipymes.com.py\/?page_id=61","title":{"rendered":"About Us"},"content":{"rendered":"\n<div class=\"wp-block-cover alignfull\" style=\"padding-top:0;padding-bottom:0;min-height:300px;aspect-ratio:unset;\"><span aria-hidden=\"true\" class=\"wp-block-cover__background has-nv-site-bg-background-color has-background-dim-100 has-background-dim\"><\/span><div class=\"wp-block-cover__inner-container is-layout-flow wp-block-cover-is-layout-flow\">\n<div class=\"wp-block-group\"><div class=\"wp-block-group__inner-container is-layout-flow wp-block-group-is-layout-flow\">\n<h1 class=\"wp-block-heading has-text-align-left has-neve-text-color-color has-text-color\">Quienes somos<\/h1>\n<\/div><\/div>\n<\/div><\/div>\n\n\n\n<div class=\"wp-block-columns is-layout-flex wp-container-core-columns-is-layout-9d6595d7 wp-block-columns-is-layout-flex\">\n<div class=\"wp-block-column is-layout-flow wp-block-column-is-layout-flow\">\n<div class=\"wp-block-columns is-layout-flex wp-container-core-columns-is-layout-9d6595d7 wp-block-columns-is-layout-flex\">\n<div class=\"wp-block-column is-layout-flow wp-block-column-is-layout-flow\">\n<figure class=\"wp-block-image size-large\"><img loading=\"lazy\" decoding=\"async\" width=\"403\" height=\"1024\" src=\"https:\/\/fomipymes.com.py\/wp-content\/uploads\/2025\/12\/bannerNuevo-403x1024.png\" alt=\"\" class=\"wp-image-1908\" srcset=\"https:\/\/fomipymes.com.py\/wp-content\/uploads\/2025\/12\/bannerNuevo-403x1024.png 403w, https:\/\/fomipymes.com.py\/wp-content\/uploads\/2025\/12\/bannerNuevo-118x300.png 118w, https:\/\/fomipymes.com.py\/wp-content\/uploads\/2025\/12\/bannerNuevo-605x1536.png 605w, https:\/\/fomipymes.com.py\/wp-content\/uploads\/2025\/12\/bannerNuevo.png 609w\" sizes=\"auto, (max-width: 403px) 100vw, 403px\" \/><\/figure>\n<\/div>\n<\/div>\n<\/div>\n\n\n\n<div class=\"wp-block-column is-layout-flow wp-block-column-is-layout-flow\">\n<p><\/p>\n\n\n\n<p><\/p>\n\n\n\n<p><\/p>\n\n\n\n<p class=\"has-neve-text-color-color has-text-color has-link-color wp-elements-976e2a602c7feba6a76ff61799d7c950\">El PROYECTO DE FORTALECIMIENTO DE LA CAPACIDAD DEL SISTEMA DE ORIENTACI\u00d3N PARA LAS MIPYMES DEL PARAGUAY, es el resultado de un convenio celebrado entre el Gobierno de la Rep\u00fablica del Paraguay, a trav\u00e9s del <a href=\"http:\/\/www.mic.gov.py\/mic\/w\/inicio.php\">Ministerio de Industria y Comercio<\/a>, y, el Gobierno de la Rep\u00fablica de China (Taiw\u00e1n), a trav\u00e9s de la <a href=\"https:\/\/www.roc-taiwan.org\/py_es\/post\/12045.html\">Embajada de la Rep\u00fablica de China (Taiw\u00e1n) en el Paraguay<\/a><\/p>\n\n\n\n<p class=\"has-neve-text-color-color has-text-color has-link-color wp-elements-1ed2c73f023b08bb3e3363a85bf5ad64\">El objetivo es apoyar al Viceministerio de Mipymes del Ministerio de Industria y Comercio a mejorar y fortalecer la capacidad de atenci\u00f3n a las Mipymes del pa\u00eds, al t\u00e9rmino del proyecto poder brindar asistencia t\u00e9cnica a empresas y emprendedores.<\/p>\n\n\n\n<p class=\"has-neve-text-color-color has-text-color has-link-color wp-elements-69f53ee2499447c649f6d28c05c97f4c\">Al iniciar las actividades del proyecto, el equipo del viceministerio de Mipymes del ministerio de industria y comercio, y la Misi\u00f3n t\u00e9cnica de Taiw\u00e1n, a trav\u00e9s de varios d\u00edas de talleres de estudio y evaluaci\u00f3n se ha definido trabajar con 4 sectores prioritario del \u00e1mbito empresarial paraguayo y son: textil, yerba mate, calzado y marroquiner\u00eda, l\u00e1cteos; Premio Nacional Mipymes 2019-2022 (4 ediciones), sumando colaboraci\u00f3n en el Proyecto SBDC desde el a\u00f1o 2022 hasta la fecha.<\/p>\n<\/div>\n<\/div>\n","protected":false},"excerpt":{"rendered":"<p>El PROYECTO DE FORTALECIMIENTO DE LA CAPACIDAD DEL SISTEMA DE ORIENTACI\u00d3N PARA LAS MIPYMES DEL PARAGUAY, es el resultado de un convenio celebrado entre el Gobierno de la Rep\u00fablica del Paraguay, a trav\u00e9s del Ministerio de Industria y Comercio, y, el Gobierno de la Rep\u00fablica de China (Taiw\u00e1n), a trav\u00e9s de la Embajada de la&hellip;&nbsp;<a href=\"https:\/\/fomipymes.com.py\/?page_id=61\" class=\"\" rel=\"bookmark\">Read More &raquo;<span class=\"screen-reader-text\">About Us<\/span><\/a><\/p>\n","protected":false},"author":1,"featured_media":0,"parent":0,"menu_order":0,"comment_status":"closed","ping_status":"closed","template":"","meta":{"neve_meta_sidebar":"default","neve_meta_container":"default","neve_meta_enable_content_width":"on","neve_meta_content_width":100,"neve_meta_title_alignment":"","neve_meta_author_avatar":"","neve_post_elements_order":"","neve_meta_disable_header":"","neve_meta_disable_footer":"","neve_meta_disable_title":"on","_themeisle_gutenberg_block_has_review":false,"_ti_tpc_template_sync":false,"_ti_tpc_template_id":"eex7gnweb2m8vo93cr1g","footnotes":""},"class_list":["post-61","page","type-page","status-publish","hentry"],"_links":{"self":[{"href":"https:\/\/fomipymes.com.py\/index.php?rest_route=\/wp\/v2\/pages\/61","targetHints":{"allow":["GET"]}}],"collection":[{"href":"https:\/\/fomipymes.com.py\/index.php?rest_route=\/wp\/v2\/pages"}],"about":[{"href":"https:\/\/fomipymes.com.py\/index.php?rest_route=\/wp\/v2\/types\/page"}],"author":[{"embeddable":true,"href":"https:\/\/fomipymes.com.py\/index.php?rest_route=\/wp\/v2\/users\/1"}],"replies":[{"embeddable":true,"href":"https:\/\/fomipymes.com.py\/index.php?rest_route=%2Fwp%2Fv2%2Fcomments&post=61"}],"version-history":[{"count":8,"href":"https:\/\/fomipymes.com.py\/index.php?rest_route=\/wp\/v2\/pages\/61\/revisions"}],"predecessor-version":[{"id":1909,"href":"https:\/\/fomipymes.com.py\/index.php?rest_route=\/wp\/v2\/pages\/61\/revisions\/1909"}],"wp:attachment":[{"href":"https:\/\/fomipymes.com.py\/index.php?rest_route=%2Fwp%2Fv2%2Fmedia&parent=61"}],"curies":[{"name":"wp","href":"https:\/\/api.w.org\/{rel}","templated":true}]}}